{"id":1840,"date":"2023-10-23T19:36:06","date_gmt":"2023-10-23T19:36:06","guid":{"rendered":"https:\/\/babios.muwit.net\/impressum\/"},"modified":"2024-10-10T13:40:55","modified_gmt":"2024-10-10T13:40:55","slug":"impressum","status":"publish","type":"page","link":"https:\/\/www.babios.it\/it\/impressum\/","title":{"rendered":"Impressum"},"content":{"rendered":"\t\t<div data-elementor-type=\"wp-page\" data-elementor-id=\"1840\" class=\"elementor elementor-1840 elementor-916\" data-elementor-post-type=\"page\">\n\t\t\t\t\t\t\t<div class=\"elementor-element elementor-element-d014a32 impr-daten e-flex e-con-boxed e-con e-parent\" data-id=\"d014a32\" data-element_type=\"container\" data-settings=\"{&quot;container_type&quot;:&quot;flex&quot;,&quot;content_width&quot;:&quot;boxed&quot;}\" data-core-v316-plus=\"true\">\n\t\t\t\t\t<div class=\"e-con-inner\">\n\t\t\t\t<div class=\"elementor-element elementor-element-a90686e elementor-widget elementor-widget-heading\" data-id=\"a90686e\" data-element_type=\"widget\" data-widget_type=\"heading.default\">\n\t\t\t\t<div class=\"elementor-widget-container\">\n\t\t\t<style>\/*! elementor - v3.16.0 - 20-09-2023 *\/\n.elementor-heading-title{padding:0;margin:0;line-height:1}.elementor-widget-heading .elementor-heading-title[class*=elementor-size-]>a{color:inherit;font-size:inherit;line-height:inherit}.elementor-widget-heading .elementor-heading-title.elementor-size-small{font-size:15px}.elementor-widget-heading .elementor-heading-title.elementor-size-medium{font-size:19px}.elementor-widget-heading .elementor-heading-title.elementor-size-large{font-size:29px}.elementor-widget-heading .elementor-heading-title.elementor-size-xl{font-size:39px}.elementor-widget-heading .elementor-heading-title.elementor-size-xxl{font-size:59px}<\/style><h2 class=\"elementor-heading-title elementor-size-default\">Impressum<\/h2>\t\t<\/div>\n\t\t\t\t<\/div>\n\t\t\t\t<div class=\"elementor-element elementor-element-69e26fb elementor-widget elementor-widget-text-editor\" data-id=\"69e26fb\" data-element_type=\"widget\" data-widget_type=\"text-editor.default\">\n\t\t\t\t<div class=\"elementor-widget-container\">\n\t\t\t<style>\/*! elementor - v3.16.0 - 20-09-2023 *\/\n.elementor-widget-text-editor.elementor-drop-cap-view-stacked .elementor-drop-cap{background-color:#69727d;color:#fff}.elementor-widget-text-editor.elementor-drop-cap-view-framed .elementor-drop-cap{color:#69727d;border:3px solid;background-color:transparent}.elementor-widget-text-editor:not(.elementor-drop-cap-view-default) .elementor-drop-cap{margin-top:8px}.elementor-widget-text-editor:not(.elementor-drop-cap-view-default) .elementor-drop-cap-letter{width:1em;height:1em}.elementor-widget-text-editor .elementor-drop-cap{float:left;text-align:center;line-height:1;font-size:50px}.elementor-widget-text-editor .elementor-drop-cap-letter{display:inline-block}<\/style>\t\t\t\t<p><strong>Babioshof<\/strong><br \/>St. Anton 59C<br \/>I-39040 Kaltern (BZ)<br \/><a href=\"tel:+39 348 060 9553\">+39 348 060 9553<\/a><br \/><a href=\"mailto:info@babios.it\">info@babios.it<\/a><a href=\"mailto:sinn.michael@pec.it\">sinn.michael@pec.it<\/a><a href=\"mailto:info@babios.it\"><br \/><\/a><a href=\"https:\/\/www.babios.it\">www.babios.it<\/a><a href=\"mailto:info@babios.it\"><br \/><br \/>Empf\u00e4ngercodex: SUBM70N<br \/>CIN:<span data-olk-copy-source=\"MessageBody\">IT021015B58O63F2WB<\/span><\/a><\/p><p>P. IVA 02857140210<br \/>Cod. Fisc. SNNMHL82M13A952H<\/p><p>Camera di commercio Bolzano<br \/>Numero iscrizione camera di commercio: T-241779499<br \/>Numero REA: BZ-211547<\/p><p>Rappresentante legale: Michael Sinn<\/p><p><strong>Copyright per le immagini e grafiche utilizzate<\/strong><\/p><ul><li>IDM S\u00fcdtirol-Alto Adige\/Manuel Ferrigato<\/li><li>IDM S\u00fcdtirol-Alto Adige\/Patrick Schwienbacher<\/li><li>IDM S\u00fcdtirol-Alto Adige\/Alex Filz<\/li><li>IDM S\u00fcdtirol-Alto Adige\/Luca Guadagnini<\/li><li>IDM S\u00fcdtirol-Alto Adige\/Harald Wisthaler<\/li><li>IDM S\u00fcdtirol-Alto Adige\/Dietmar Denger<\/li><li>IDM S\u00fcdtirol-Alto Adige\/Frieder Blickle<\/li><\/ul><p><strong><br \/>Risoluzione delle controversie<br \/><\/strong>Informazioni obbligatorie ai sensi del Regolamento UE n. 524\/2013 del Parlamento e Consiglio europeo. Piattaforma per la risoluzione online delle controversie (ODR) della Commissione europea:<br \/><a href=\"https:\/\/ec.europa.eu\/consumers\/odr\/main\/?event=main.trader.register\" target=\"_blank\" rel=\"noopener\">https:\/\/ec.europa.eu\/consumers\/odr\/main\/?event=main.trader.register<\/a><strong><br \/><\/strong><\/p><p><strong>Concetto e realizzazione<\/strong><br \/>muwit der sandra stablum<br \/>Citt\u00e1 Alta 60<br \/>39043 Chiusa<br \/>Tel. <a href=\"tel:+39 347 1330206\">+39 347 1330206<\/a><br \/>MwSt. Nr. IT02730810211<br \/>St. Nr. STB SDR 88 A44 B160 S<br \/><a href=\"mailto:info@muwit.it\">info@muwit.it<\/a><br \/><a href=\"www.muwit.it\" target=\"_blank\" rel=\"noopener\">www.muwit.it<\/a><\/p><p><strong>Responsabile per il contenuto:<br \/><\/strong>Doris Brunner &amp; Familie Sinn<\/p><p><strong>Dichiarazione liberatoria:<br \/>Responsabilit\u00e0 per i contenuti<\/strong><\/p><p>I contenuti delle nostre pagine sono stati redatti, elaborati e controllati scrupolosamente. Tuttavia, non ci assumiamo nessuna responsabilit\u00e0 per la correttezza, qualit\u00e0, completezza e attualit\u00e0 dei contenuti, poich\u00e9 non \u00e8 da escludere che siano cambiati nel tempo. Come prestatori di servizi siamo responsabili per i contenuti di queste pagine in base alla normativa vigente. Nella nostra qualit\u00e0 di prestatori di servizi non siamo per\u00f2 obbligati a controllare l\u2019esattezza di informazioni ricevute o salvate da terzi, o a controllare se sussistano irregolarit\u00e0 che indichino un\u2019attivit\u00e0 illegale. L\u2019obbligo di rimuovere o bloccare l\u2019utilizzo di informazioni secondo la normativa vigente rimane valido. L\u2019assunzione di tale responsabilit\u00e0 \u00e8 tuttavia possibile solamente dopo il momento dell\u2019effettivo riconoscimento da parte nostra di una concreta violazione di diritto. Alla presa d\u2019atto di tali violazioni di legge provvederemo immediatamente alla rimozione dei contenuti in questione.<br \/>Si escludono di principio le rivendicazioni di responsabilit\u00e0 di qualsiasi tipo causate dall\u2019utilizzo di informazioni messe a disposizione, oppure da informazioni errate e\/o incomplete.<\/p><p><strong>Responsabilit\u00e0 per i link<\/strong><\/p><p>La nostra offerta contiene dei collegamenti ipertestuali con siti web esterni di terzi, sui cui contenuti non possiamo influire. Per questo motivo non forniamo nessuna garanzia sui contenuti dei siti web linkati, indipendentemente dal tipo e dalla natura. Ne \u00e8 responsabile solamente il relativo proprietario o gestore del sito. Un controllo permanente dei contenuti dei siti linkati al presente non \u00e8 fattibile senza concreti punti di riferimento. All\u2019avvenuta conoscenza d\u2019infrazioni contro la legge causate dai siti web linkati, i link in questione saranno subito rimossi.<\/p><p><strong>Copyright<\/strong><\/p><p>Tutti i contenuti e le opere creati dal web designer e dai gestori del sito sono protetti da copyright. La riproduzione, l\u2019alterazione, la distribuzione e qualsiasi forma di utilizzo, soprattutto per scopi commerciali, al di fuori dei limiti del diritto d\u2019autore, sono severamente vietate e ammesse esclusivamente previa autorizzazione scritta del relativo autore o creatore. Nel caso i contenuti di questa pagina non siano stati creati dal gestore, sono da rispettare i diritti di copyright di terzi. I contenuti redatti da terzi sono contrassegnati come tali. In caso doveste notare una violazione del copyright, vi preghiamo gentilmente di farci pervenire un\u2019apposita segnalazione. All\u2019atto di presa di conoscenza di tali violazioni di legge, i contenuti in questione saranno naturalmente rimossi subito, senza per\u00f2 assumerne nessuna responsabilit\u00e0.<\/p>\t\t\t\t\t\t<\/div>\n\t\t\t\t<\/div>\n\t\t\t\t\t<\/div>\n\t\t\t\t<\/div>\n\t\t\t\t\t\t\t<\/div>\n\t\t","protected":false},"excerpt":{"rendered":"<p>Impressum BabioshofSt. Anton 59CI-39040 Kaltern (BZ)+39 348 060 9553info@babios.itsinn.michael@pec.itwww.babios.it Empf\u00e4ngercodex: SUBM70NCIN:IT021015B58O63F2WB P. IVA 02857140210Cod. Fisc. SNNMHL82M13A952H Camera di commercio BolzanoNumero iscrizione camera di commercio: T-241779499Numero REA: BZ-211547 Rappresentante legale: Michael Sinn Copyright per le immagini e grafiche utilizzate IDM S\u00fcdtirol-Alto Adige\/Manuel Ferrigato IDM S\u00fcdtirol-Alto Adige\/Patrick Schwienbacher IDM S\u00fcdtirol-Alto Adige\/Alex Filz IDM S\u00fcdtirol-Alto Adige\/Luca Guadagnini IDM [&hellip;]<\/p>\n","protected":false},"author":1,"featured_media":0,"parent":0,"menu_order":0,"comment_status":"closed","ping_status":"closed","template":"","meta":{"footnotes":""},"yoast_head":"<!-- This site is optimized with the Yoast SEO plugin v21.0 - https:\/\/yoast.com\/wordpress\/plugins\/seo\/ -->\n<title>Impressum<\/title>\n<meta name=\"description\" content=\"Impressum\" \/>\n<meta name=\"robots\" content=\"index, follow, max-snippet:-1, max-image-preview:large, max-video-preview:-1\" \/>\n<link rel=\"canonical\" href=\"https:\/\/www.babios.it\/it\/impressum\/\" \/>\n<meta property=\"og:locale\" content=\"it_IT\" \/>\n<meta property=\"og:type\" content=\"article\" \/>\n<meta property=\"og:title\" content=\"Impressum\" \/>\n<meta property=\"og:description\" content=\"Impressum\" \/>\n<meta property=\"og:url\" content=\"https:\/\/www.babios.it\/it\/impressum\/\" \/>\n<meta property=\"og:site_name\" content=\"Babioshof\" \/>\n<meta property=\"article:modified_time\" content=\"2024-10-10T13:40:55+00:00\" \/>\n<meta name=\"twitter:card\" content=\"summary_large_image\" \/>\n<meta name=\"twitter:label1\" content=\"Tempo di lettura stimato\" \/>\n\t<meta name=\"twitter:data1\" content=\"3 minuti\" \/>\n<script type=\"application\/ld+json\" class=\"yoast-schema-graph\">{\"@context\":\"https:\/\/schema.org\",\"@graph\":[{\"@type\":\"WebPage\",\"@id\":\"https:\/\/www.babios.it\/it\/impressum\/\",\"url\":\"https:\/\/www.babios.it\/it\/impressum\/\",\"name\":\"Impressum\",\"isPartOf\":{\"@id\":\"https:\/\/www.babios.it\/it\/#website\"},\"datePublished\":\"2023-10-23T19:36:06+00:00\",\"dateModified\":\"2024-10-10T13:40:55+00:00\",\"description\":\"Impressum\",\"breadcrumb\":{\"@id\":\"https:\/\/www.babios.it\/it\/impressum\/#breadcrumb\"},\"inLanguage\":\"it-IT\",\"potentialAction\":[{\"@type\":\"ReadAction\",\"target\":[\"https:\/\/www.babios.it\/it\/impressum\/\"]}]},{\"@type\":\"BreadcrumbList\",\"@id\":\"https:\/\/www.babios.it\/it\/impressum\/#breadcrumb\",\"itemListElement\":[{\"@type\":\"ListItem\",\"position\":1,\"name\":\"Startseite\",\"item\":\"https:\/\/www.babios.it\/it\/\"},{\"@type\":\"ListItem\",\"position\":2,\"name\":\"Impressum\"}]},{\"@type\":\"WebSite\",\"@id\":\"https:\/\/www.babios.it\/it\/#website\",\"url\":\"https:\/\/www.babios.it\/it\/\",\"name\":\"Babioshof\",\"description\":\"\",\"publisher\":{\"@id\":\"https:\/\/www.babios.it\/it\/#organization\"},\"potentialAction\":[{\"@type\":\"SearchAction\",\"target\":{\"@type\":\"EntryPoint\",\"urlTemplate\":\"https:\/\/www.babios.it\/it\/?s={search_term_string}\"},\"query-input\":\"required name=search_term_string\"}],\"inLanguage\":\"it-IT\"},{\"@type\":\"Organization\",\"@id\":\"https:\/\/www.babios.it\/it\/#organization\",\"name\":\"Babioshof\",\"url\":\"https:\/\/www.babios.it\/it\/\",\"logo\":{\"@type\":\"ImageObject\",\"inLanguage\":\"it-IT\",\"@id\":\"https:\/\/www.babios.it\/it\/#\/schema\/logo\/image\/\",\"url\":\"https:\/\/www.babios.it\/wp-content\/uploads\/2023\/09\/Gruppe-2258.png\",\"contentUrl\":\"https:\/\/www.babios.it\/wp-content\/uploads\/2023\/09\/Gruppe-2258.png\",\"width\":585,\"height\":174,\"caption\":\"Babioshof\"},\"image\":{\"@id\":\"https:\/\/www.babios.it\/it\/#\/schema\/logo\/image\/\"}}]}<\/script>\n<!-- \/ Yoast SEO plugin. -->","yoast_head_json":{"title":"Impressum","description":"Impressum","robots":{"index":"index","follow":"follow","max-snippet":"max-snippet:-1","max-image-preview":"max-image-preview:large","max-video-preview":"max-video-preview:-1"},"canonical":"https:\/\/www.babios.it\/it\/impressum\/","og_locale":"it_IT","og_type":"article","og_title":"Impressum","og_description":"Impressum","og_url":"https:\/\/www.babios.it\/it\/impressum\/","og_site_name":"Babioshof","article_modified_time":"2024-10-10T13:40:55+00:00","twitter_card":"summary_large_image","twitter_misc":{"Tempo di lettura stimato":"3 minuti"},"schema":{"@context":"https:\/\/schema.org","@graph":[{"@type":"WebPage","@id":"https:\/\/www.babios.it\/it\/impressum\/","url":"https:\/\/www.babios.it\/it\/impressum\/","name":"Impressum","isPartOf":{"@id":"https:\/\/www.babios.it\/it\/#website"},"datePublished":"2023-10-23T19:36:06+00:00","dateModified":"2024-10-10T13:40:55+00:00","description":"Impressum","breadcrumb":{"@id":"https:\/\/www.babios.it\/it\/impressum\/#breadcrumb"},"inLanguage":"it-IT","potentialAction":[{"@type":"ReadAction","target":["https:\/\/www.babios.it\/it\/impressum\/"]}]},{"@type":"BreadcrumbList","@id":"https:\/\/www.babios.it\/it\/impressum\/#breadcrumb","itemListElement":[{"@type":"ListItem","position":1,"name":"Startseite","item":"https:\/\/www.babios.it\/it\/"},{"@type":"ListItem","position":2,"name":"Impressum"}]},{"@type":"WebSite","@id":"https:\/\/www.babios.it\/it\/#website","url":"https:\/\/www.babios.it\/it\/","name":"Babioshof","description":"","publisher":{"@id":"https:\/\/www.babios.it\/it\/#organization"},"potentialAction":[{"@type":"SearchAction","target":{"@type":"EntryPoint","urlTemplate":"https:\/\/www.babios.it\/it\/?s={search_term_string}"},"query-input":"required name=search_term_string"}],"inLanguage":"it-IT"},{"@type":"Organization","@id":"https:\/\/www.babios.it\/it\/#organization","name":"Babioshof","url":"https:\/\/www.babios.it\/it\/","logo":{"@type":"ImageObject","inLanguage":"it-IT","@id":"https:\/\/www.babios.it\/it\/#\/schema\/logo\/image\/","url":"https:\/\/www.babios.it\/wp-content\/uploads\/2023\/09\/Gruppe-2258.png","contentUrl":"https:\/\/www.babios.it\/wp-content\/uploads\/2023\/09\/Gruppe-2258.png","width":585,"height":174,"caption":"Babioshof"},"image":{"@id":"https:\/\/www.babios.it\/it\/#\/schema\/logo\/image\/"}}]}},"_links":{"self":[{"href":"https:\/\/www.babios.it\/it\/wp-json\/wp\/v2\/pages\/1840"}],"collection":[{"href":"https:\/\/www.babios.it\/it\/wp-json\/wp\/v2\/pages"}],"about":[{"href":"https:\/\/www.babios.it\/it\/wp-json\/wp\/v2\/types\/page"}],"author":[{"embeddable":true,"href":"https:\/\/www.babios.it\/it\/wp-json\/wp\/v2\/users\/1"}],"replies":[{"embeddable":true,"href":"https:\/\/www.babios.it\/it\/wp-json\/wp\/v2\/comments?post=1840"}],"version-history":[{"count":6,"href":"https:\/\/www.babios.it\/it\/wp-json\/wp\/v2\/pages\/1840\/revisions"}],"predecessor-version":[{"id":2699,"href":"https:\/\/www.babios.it\/it\/wp-json\/wp\/v2\/pages\/1840\/revisions\/2699"}],"wp:attachment":[{"href":"https:\/\/www.babios.it\/it\/wp-json\/wp\/v2\/media?parent=1840"}],"curies":[{"name":"wp","href":"https:\/\/api.w.org\/{rel}","templated":true}]}}