{"id":1856,"date":"2023-10-17T14:26:36","date_gmt":"2023-10-17T14:26:36","guid":{"rendered":"https:\/\/babios.muwit.net\/schwimmbad-wirlpool\/"},"modified":"2024-08-08T07:23:48","modified_gmt":"2024-08-08T07:23:48","slug":"pischina-e-whirlpool","status":"publish","type":"page","link":"https:\/\/www.babios.it\/it\/pischina-e-whirlpool\/","title":{"rendered":"Piscina whirlpool"},"content":{"rendered":"\t\t<div data-elementor-type=\"wp-page\" data-elementor-id=\"1856\" class=\"elementor elementor-1856 elementor-387\" data-elementor-post-type=\"page\">\n\t\t\t\t\t\t\t<section class=\"elementor-element elementor-element-4e33ea5a e-con-full e-flex e-con e-parent\" data-id=\"4e33ea5a\" data-element_type=\"container\" data-settings=\"{&quot;content_width&quot;:&quot;full&quot;,&quot;background_background&quot;:&quot;slideshow&quot;,&quot;background_slideshow_gallery&quot;:[{&quot;id&quot;:1235,&quot;url&quot;:&quot;https:\\\/\\\/babios.it\\\/wp-content\\\/uploads\\\/2023\\\/11\\\/Andergassen-web-2018.jpg&quot;},{&quot;id&quot;:1236,&quot;url&quot;:&quot;https:\\\/\\\/babios.it\\\/wp-content\\\/uploads\\\/2023\\\/11\\\/Andergassen-web-2030.jpg&quot;},{&quot;id&quot;:1234,&quot;url&quot;:&quot;https:\\\/\\\/babios.it\\\/wp-content\\\/uploads\\\/2023\\\/11\\\/Andergassen-web-2007.jpg&quot;}],&quot;container_type&quot;:&quot;flex&quot;,&quot;background_slideshow_loop&quot;:&quot;yes&quot;,&quot;background_slideshow_slide_duration&quot;:5000,&quot;background_slideshow_slide_transition&quot;:&quot;fade&quot;,&quot;background_slideshow_transition_duration&quot;:500}\" data-core-v316-plus=\"true\">\n\t\t<div class=\"elementor-element elementor-element-2a257866 e-con-full e-flex e-con e-child\" data-id=\"2a257866\" data-element_type=\"container\" data-settings=\"{&quot;content_width&quot;:&quot;full&quot;,&quot;container_type&quot;:&quot;flex&quot;}\">\n\t\t\t\t<div class=\"elementor-element elementor-element-102362f elementor-widget elementor-widget-text-editor\" data-id=\"102362f\" data-element_type=\"widget\" data-widget_type=\"text-editor.default\">\n\t\t\t\t<div class=\"elementor-widget-container\">\n\t\t\t<style>\/*! elementor - v3.16.0 - 20-09-2023 *\/\n.elementor-widget-text-editor.elementor-drop-cap-view-stacked .elementor-drop-cap{background-color:#69727d;color:#fff}.elementor-widget-text-editor.elementor-drop-cap-view-framed .elementor-drop-cap{color:#69727d;border:3px solid;background-color:transparent}.elementor-widget-text-editor:not(.elementor-drop-cap-view-default) .elementor-drop-cap{margin-top:8px}.elementor-widget-text-editor:not(.elementor-drop-cap-view-default) .elementor-drop-cap-letter{width:1em;height:1em}.elementor-widget-text-editor .elementor-drop-cap{float:left;text-align:center;line-height:1;font-size:50px}.elementor-widget-text-editor .elementor-drop-cap-letter{display:inline-block}<\/style>\t\t\t\t<p>Piscina <br \/> whirlpool<\/p>\n\t\t\t\t\t\t<\/div>\n\t\t\t\t<\/div>\n\t\t\t\t<\/div>\n\t\t\t\t<\/section>\n\t\t<section class=\"elementor-element elementor-element-22f8398a e-con-full e-flex e-con e-parent\" data-id=\"22f8398a\" data-element_type=\"container\" data-settings=\"{&quot;content_width&quot;:&quot;full&quot;,&quot;container_type&quot;:&quot;flex&quot;}\" data-core-v316-plus=\"true\">\n\t\t<div class=\"elementor-element elementor-element-3badc424 e-grid e-con-full mobile-flex e-con e-child\" data-id=\"3badc424\" data-element_type=\"container\" data-settings=\"{&quot;container_type&quot;:&quot;grid&quot;,&quot;content_width&quot;:&quot;full&quot;,&quot;grid_columns_grid&quot;:{&quot;unit&quot;:&quot;custom&quot;,&quot;size&quot;:&quot;55% 45%&quot;,&quot;sizes&quot;:[]},&quot;grid_rows_grid&quot;:{&quot;unit&quot;:&quot;fr&quot;,&quot;size&quot;:1,&quot;sizes&quot;:[]},&quot;grid_columns_grid_tablet&quot;:{&quot;unit&quot;:&quot;custom&quot;,&quot;size&quot;:&quot;100%&quot;,&quot;sizes&quot;:[]},&quot;grid_columns_grid_mobile&quot;:{&quot;unit&quot;:&quot;custom&quot;,&quot;size&quot;:&quot;100%&quot;,&quot;sizes&quot;:[]},&quot;grid_rows_grid_tablet&quot;:{&quot;unit&quot;:&quot;fr&quot;,&quot;size&quot;:2,&quot;sizes&quot;:[]},&quot;grid_auto_flow_tablet&quot;:&quot;column&quot;,&quot;grid_outline&quot;:&quot;yes&quot;,&quot;grid_columns_grid_tablet_extra&quot;:{&quot;unit&quot;:&quot;fr&quot;,&quot;size&quot;:&quot;&quot;,&quot;sizes&quot;:[]},&quot;grid_rows_grid_tablet_extra&quot;:{&quot;unit&quot;:&quot;fr&quot;,&quot;size&quot;:&quot;&quot;,&quot;sizes&quot;:[]},&quot;grid_rows_grid_mobile&quot;:{&quot;unit&quot;:&quot;fr&quot;,&quot;size&quot;:&quot;&quot;,&quot;sizes&quot;:[]},&quot;grid_auto_flow&quot;:&quot;row&quot;,&quot;grid_auto_flow_tablet_extra&quot;:&quot;row&quot;,&quot;grid_auto_flow_mobile&quot;:&quot;row&quot;}\">\n\t\t<div class=\"elementor-element elementor-element-5814f59 grid-col-2  e-con-full e-flex e-con e-child\" data-id=\"5814f59\" data-element_type=\"container\" data-settings=\"{&quot;content_width&quot;:&quot;full&quot;,&quot;container_type&quot;:&quot;flex&quot;}\">\n\t\t\t\t<div class=\"elementor-element elementor-element-6261307a elementor-widget__width-initial elementor-widget elementor-widget-heading\" data-id=\"6261307a\" data-element_type=\"widget\" data-widget_type=\"heading.default\">\n\t\t\t\t<div class=\"elementor-widget-container\">\n\t\t\t<style>\/*! elementor - v3.16.0 - 20-09-2023 *\/\n.elementor-heading-title{padding:0;margin:0;line-height:1}.elementor-widget-heading .elementor-heading-title[class*=elementor-size-]>a{color:inherit;font-size:inherit;line-height:inherit}.elementor-widget-heading .elementor-heading-title.elementor-size-small{font-size:15px}.elementor-widget-heading .elementor-heading-title.elementor-size-medium{font-size:19px}.elementor-widget-heading .elementor-heading-title.elementor-size-large{font-size:29px}.elementor-widget-heading .elementor-heading-title.elementor-size-xl{font-size:39px}.elementor-widget-heading .elementor-heading-title.elementor-size-xxl{font-size:59px}<\/style><h1 class=\"elementor-heading-title elementor-size-default\">Un tuffo rinfrescante per rigenerarsi proprio davanti al vostro appartamento    <\/h1>\t\t<\/div>\n\t\t\t\t<\/div>\n\t\t\t\t<div class=\"elementor-element elementor-element-8f83111 elementor-widget elementor-widget-html\" data-id=\"8f83111\" data-element_type=\"widget\" data-widget_type=\"html.default\">\n\t\t\t\t<div class=\"elementor-widget-container\">\n\t\t\t<span class=\"line nm\"><\/span>\t\t<\/div>\n\t\t\t\t<\/div>\n\t\t\t\t<\/div>\n\t\t<div class=\"elementor-element elementor-element-7e319819 grid-col-2  e-flex e-con-boxed e-con e-child\" data-id=\"7e319819\" data-element_type=\"container\" data-settings=\"{&quot;container_type&quot;:&quot;flex&quot;,&quot;content_width&quot;:&quot;boxed&quot;}\">\n\t\t\t\t\t<div class=\"e-con-inner\">\n\t\t\t\t<div class=\"elementor-element elementor-element-2f3e38b0 elementor-widget elementor-widget-text-editor\" data-id=\"2f3e38b0\" data-element_type=\"widget\" data-widget_type=\"text-editor.default\">\n\t\t\t\t<div class=\"elementor-widget-container\">\n\t\t\t\t\t\t\t<p>Dopo una giornata attiva, non c\u2019\u00e8 niente di pi\u00f9 rigenerante di un tuffo in piscina. Basta mettervi le ciabattine e uscire: la nostra piscina \u00e8 proprio davanti all\u2019appartamento! L\u2019acqua leggermente salina fa bene alla pelle e alle vie respiratorie, oltre a offrire una piacevole e rinfrescante esperienza. Abbiamo anche una vasca whirlpool riscaldata dove lasciarvi massaggiare dalle bolle. Sulla terrazza panoramica invece potrete abbandonarvi al dolce far niente comodamente sdraiati sui lettini. Questo s\u00ec che \u00e8 relax!    <\/p>\n\t\t\t\t\t\t<\/div>\n\t\t\t\t<\/div>\n\t\t\t\t\t<\/div>\n\t\t\t\t<\/div>\n\t\t\t\t<\/div>\n\t\t\t\t<\/section>\n\t\t<section class=\"elementor-element elementor-element-bd849b8 e-con-full e-flex e-con e-parent\" data-id=\"bd849b8\" data-element_type=\"container\" data-settings=\"{&quot;content_width&quot;:&quot;full&quot;,&quot;background_background&quot;:&quot;classic&quot;,&quot;container_type&quot;:&quot;flex&quot;}\" data-e-bg-lazyload=\"\" data-core-v316-plus=\"true\">\n\t\t<div class=\"elementor-element elementor-element-4839134 e-grid e-con-full e-con e-child\" data-id=\"4839134\" data-element_type=\"container\" data-settings=\"{&quot;container_type&quot;:&quot;grid&quot;,&quot;content_width&quot;:&quot;full&quot;,&quot;grid_columns_grid&quot;:{&quot;unit&quot;:&quot;custom&quot;,&quot;size&quot;:&quot;70% 30%&quot;,&quot;sizes&quot;:[]},&quot;grid_rows_grid&quot;:{&quot;unit&quot;:&quot;fr&quot;,&quot;size&quot;:1,&quot;sizes&quot;:[]},&quot;grid_columns_grid_tablet&quot;:{&quot;unit&quot;:&quot;custom&quot;,&quot;size&quot;:&quot;100%&quot;,&quot;sizes&quot;:[]},&quot;grid_columns_grid_mobile&quot;:{&quot;unit&quot;:&quot;custom&quot;,&quot;size&quot;:&quot;100%&quot;,&quot;sizes&quot;:[]},&quot;grid_rows_grid_tablet&quot;:{&quot;unit&quot;:&quot;fr&quot;,&quot;size&quot;:1,&quot;sizes&quot;:[]},&quot;grid_auto_flow_tablet&quot;:&quot;column&quot;,&quot;grid_outline&quot;:&quot;yes&quot;,&quot;grid_columns_grid_tablet_extra&quot;:{&quot;unit&quot;:&quot;fr&quot;,&quot;size&quot;:&quot;&quot;,&quot;sizes&quot;:[]},&quot;grid_rows_grid_tablet_extra&quot;:{&quot;unit&quot;:&quot;fr&quot;,&quot;size&quot;:&quot;&quot;,&quot;sizes&quot;:[]},&quot;grid_rows_grid_mobile&quot;:{&quot;unit&quot;:&quot;fr&quot;,&quot;size&quot;:&quot;&quot;,&quot;sizes&quot;:[]},&quot;grid_auto_flow&quot;:&quot;row&quot;,&quot;grid_auto_flow_tablet_extra&quot;:&quot;row&quot;,&quot;grid_auto_flow_mobile&quot;:&quot;row&quot;}\">\n\t\t<div class=\"elementor-element elementor-element-50f6e74 e-con-full grid-col-2 shape-overlay e-flex e-con e-child\" data-id=\"50f6e74\" data-element_type=\"container\" data-settings=\"{&quot;background_background&quot;:&quot;classic&quot;,&quot;content_width&quot;:&quot;full&quot;,&quot;container_type&quot;:&quot;flex&quot;}\" data-e-bg-lazyload=\"\">\n\t\t\t\t<div class=\"elementor-element elementor-element-0dbadbf elementor-widget__width-initial elementor-widget elementor-widget-text-editor\" data-id=\"0dbadbf\" data-element_type=\"widget\" data-widget_type=\"text-editor.default\">\n\t\t\t\t<div class=\"elementor-widget-container\">\n\t\t\t\t\t\t\t<p>Fuori splende il sole, ma fa ancora un po\u2019 freschetto? Niente paura: nelle belle giornate di sole, riscaldiamo la piscina in modo ecologico grazie ai nostri pannelli solari. La temperatura dell\u2019acqua dipende comunque da quella dell\u2019aria, quindi non \u00e8 sempre possibile raggiungere la temperatura di una piscina interamente riscaldata. Per quello per\u00f2 c\u2019\u00e8 la vasca whirlpool, che \u00e8 riscaldata a 37\u00b0 C tutto l\u2019anno.    <\/p>\n\t\t\t\t\t\t<\/div>\n\t\t\t\t<\/div>\n\t\t\t\t<\/div>\n\t\t<div class=\"elementor-element elementor-element-224f3cd e-con-full e-flex e-con e-child\" data-id=\"224f3cd\" data-element_type=\"container\" data-settings=\"{&quot;content_width&quot;:&quot;full&quot;,&quot;background_background&quot;:&quot;classic&quot;,&quot;container_type&quot;:&quot;flex&quot;}\">\n\t\t\t\t<div class=\"elementor-element elementor-element-171036e elementor-widget-tablet__width-inherit elementor-widget__width-inherit elementor-widget elementor-widget-text-editor\" data-id=\"171036e\" data-element_type=\"widget\" data-widget_type=\"text-editor.default\">\n\t\t\t\t<div class=\"elementor-widget-container\">\n\t\t\t\t\t\t\t<p>Riscaldata <br \/>dal sole<\/p>\n\t\t\t\t\t\t<\/div>\n\t\t\t\t<\/div>\n\t\t\t\t<\/div>\n\t\t\t\t<\/div>\n\t\t\t\t<\/section>\n\t\t\t\t\t\t\t<\/div>\n\t\t","protected":false},"excerpt":{"rendered":"<p>Piscina whirlpool Un tuffo rinfrescante per rigenerarsi proprio davanti al vostro appartamento Dopo una giornata attiva, non c\u2019\u00e8 niente di pi\u00f9 rigenerante di un tuffo in piscina. Basta mettervi le ciabattine e uscire: la nostra piscina \u00e8 proprio davanti all\u2019appartamento! L\u2019acqua leggermente salina fa bene alla pelle e alle vie respiratorie, oltre a offrire una [&hellip;]<\/p>\n","protected":false},"author":1,"featured_media":0,"parent":0,"menu_order":0,"comment_status":"closed","ping_status":"closed","template":"","meta":{"footnotes":""},"yoast_head":"<!-- This site is optimized with the Yoast SEO plugin v21.0 - https:\/\/yoast.com\/wordpress\/plugins\/seo\/ -->\n<title>I vostri appartamenti vacanze con piscina a Caldaro<\/title>\n<meta name=\"description\" content=\"Un tuffo energizzante, un\u2019immersione nel relax: all\u2019agriturismo Babioshof di Caldaro vi aspettano accoglienti appartamenti con piscina per una vacanza da sogno!\" \/>\n<meta name=\"robots\" content=\"index, follow, max-snippet:-1, max-image-preview:large, max-video-preview:-1\" \/>\n<link rel=\"canonical\" href=\"https:\/\/www.babios.it\/it\/pischina-e-whirlpool\/\" \/>\n<meta property=\"og:locale\" content=\"it_IT\" \/>\n<meta property=\"og:type\" content=\"article\" \/>\n<meta property=\"og:title\" content=\"I vostri appartamenti vacanze con piscina a Caldaro\" \/>\n<meta property=\"og:description\" content=\"Un tuffo energizzante, un\u2019immersione nel relax: all\u2019agriturismo Babioshof di Caldaro vi aspettano accoglienti appartamenti con piscina per una vacanza da sogno!\" \/>\n<meta property=\"og:url\" content=\"https:\/\/www.babios.it\/it\/pischina-e-whirlpool\/\" \/>\n<meta property=\"og:site_name\" content=\"Babioshof\" \/>\n<meta property=\"article:modified_time\" content=\"2024-08-08T07:23:48+00:00\" \/>\n<meta name=\"twitter:card\" content=\"summary_large_image\" \/>\n<meta name=\"twitter:label1\" content=\"Tempo di lettura stimato\" \/>\n\t<meta name=\"twitter:data1\" content=\"1 minuto\" \/>\n<script type=\"application\/ld+json\" class=\"yoast-schema-graph\">{\"@context\":\"https:\/\/schema.org\",\"@graph\":[{\"@type\":\"WebPage\",\"@id\":\"https:\/\/www.babios.it\/it\/pischina-e-whirlpool\/\",\"url\":\"https:\/\/www.babios.it\/it\/pischina-e-whirlpool\/\",\"name\":\"I vostri appartamenti vacanze con piscina a Caldaro\",\"isPartOf\":{\"@id\":\"https:\/\/www.babios.it\/it\/#website\"},\"datePublished\":\"2023-10-17T14:26:36+00:00\",\"dateModified\":\"2024-08-08T07:23:48+00:00\",\"description\":\"Un tuffo energizzante, un\u2019immersione nel relax: all\u2019agriturismo Babioshof di Caldaro vi aspettano accoglienti appartamenti con piscina per una vacanza da sogno!\",\"breadcrumb\":{\"@id\":\"https:\/\/www.babios.it\/it\/pischina-e-whirlpool\/#breadcrumb\"},\"inLanguage\":\"it-IT\",\"potentialAction\":[{\"@type\":\"ReadAction\",\"target\":[\"https:\/\/www.babios.it\/it\/pischina-e-whirlpool\/\"]}]},{\"@type\":\"BreadcrumbList\",\"@id\":\"https:\/\/www.babios.it\/it\/pischina-e-whirlpool\/#breadcrumb\",\"itemListElement\":[{\"@type\":\"ListItem\",\"position\":1,\"name\":\"Startseite\",\"item\":\"https:\/\/www.babios.it\/it\/\"},{\"@type\":\"ListItem\",\"position\":2,\"name\":\"Piscina whirlpool\"}]},{\"@type\":\"WebSite\",\"@id\":\"https:\/\/www.babios.it\/it\/#website\",\"url\":\"https:\/\/www.babios.it\/it\/\",\"name\":\"Babioshof\",\"description\":\"\",\"publisher\":{\"@id\":\"https:\/\/www.babios.it\/it\/#organization\"},\"potentialAction\":[{\"@type\":\"SearchAction\",\"target\":{\"@type\":\"EntryPoint\",\"urlTemplate\":\"https:\/\/www.babios.it\/it\/?s={search_term_string}\"},\"query-input\":\"required name=search_term_string\"}],\"inLanguage\":\"it-IT\"},{\"@type\":\"Organization\",\"@id\":\"https:\/\/www.babios.it\/it\/#organization\",\"name\":\"Babioshof\",\"url\":\"https:\/\/www.babios.it\/it\/\",\"logo\":{\"@type\":\"ImageObject\",\"inLanguage\":\"it-IT\",\"@id\":\"https:\/\/www.babios.it\/it\/#\/schema\/logo\/image\/\",\"url\":\"https:\/\/www.babios.it\/wp-content\/uploads\/2023\/09\/Gruppe-2258.png\",\"contentUrl\":\"https:\/\/www.babios.it\/wp-content\/uploads\/2023\/09\/Gruppe-2258.png\",\"width\":585,\"height\":174,\"caption\":\"Babioshof\"},\"image\":{\"@id\":\"https:\/\/www.babios.it\/it\/#\/schema\/logo\/image\/\"}}]}<\/script>\n<!-- \/ Yoast SEO plugin. -->","yoast_head_json":{"title":"I vostri appartamenti vacanze con piscina a Caldaro","description":"Un tuffo energizzante, un\u2019immersione nel relax: all\u2019agriturismo Babioshof di Caldaro vi aspettano accoglienti appartamenti con piscina per una vacanza da sogno!","robots":{"index":"index","follow":"follow","max-snippet":"max-snippet:-1","max-image-preview":"max-image-preview:large","max-video-preview":"max-video-preview:-1"},"canonical":"https:\/\/www.babios.it\/it\/pischina-e-whirlpool\/","og_locale":"it_IT","og_type":"article","og_title":"I vostri appartamenti vacanze con piscina a Caldaro","og_description":"Un tuffo energizzante, un\u2019immersione nel relax: all\u2019agriturismo Babioshof di Caldaro vi aspettano accoglienti appartamenti con piscina per una vacanza da sogno!","og_url":"https:\/\/www.babios.it\/it\/pischina-e-whirlpool\/","og_site_name":"Babioshof","article_modified_time":"2024-08-08T07:23:48+00:00","twitter_card":"summary_large_image","twitter_misc":{"Tempo di lettura stimato":"1 minuto"},"schema":{"@context":"https:\/\/schema.org","@graph":[{"@type":"WebPage","@id":"https:\/\/www.babios.it\/it\/pischina-e-whirlpool\/","url":"https:\/\/www.babios.it\/it\/pischina-e-whirlpool\/","name":"I vostri appartamenti vacanze con piscina a Caldaro","isPartOf":{"@id":"https:\/\/www.babios.it\/it\/#website"},"datePublished":"2023-10-17T14:26:36+00:00","dateModified":"2024-08-08T07:23:48+00:00","description":"Un tuffo energizzante, un\u2019immersione nel relax: all\u2019agriturismo Babioshof di Caldaro vi aspettano accoglienti appartamenti con piscina per una vacanza da sogno!","breadcrumb":{"@id":"https:\/\/www.babios.it\/it\/pischina-e-whirlpool\/#breadcrumb"},"inLanguage":"it-IT","potentialAction":[{"@type":"ReadAction","target":["https:\/\/www.babios.it\/it\/pischina-e-whirlpool\/"]}]},{"@type":"BreadcrumbList","@id":"https:\/\/www.babios.it\/it\/pischina-e-whirlpool\/#breadcrumb","itemListElement":[{"@type":"ListItem","position":1,"name":"Startseite","item":"https:\/\/www.babios.it\/it\/"},{"@type":"ListItem","position":2,"name":"Piscina whirlpool"}]},{"@type":"WebSite","@id":"https:\/\/www.babios.it\/it\/#website","url":"https:\/\/www.babios.it\/it\/","name":"Babioshof","description":"","publisher":{"@id":"https:\/\/www.babios.it\/it\/#organization"},"potentialAction":[{"@type":"SearchAction","target":{"@type":"EntryPoint","urlTemplate":"https:\/\/www.babios.it\/it\/?s={search_term_string}"},"query-input":"required name=search_term_string"}],"inLanguage":"it-IT"},{"@type":"Organization","@id":"https:\/\/www.babios.it\/it\/#organization","name":"Babioshof","url":"https:\/\/www.babios.it\/it\/","logo":{"@type":"ImageObject","inLanguage":"it-IT","@id":"https:\/\/www.babios.it\/it\/#\/schema\/logo\/image\/","url":"https:\/\/www.babios.it\/wp-content\/uploads\/2023\/09\/Gruppe-2258.png","contentUrl":"https:\/\/www.babios.it\/wp-content\/uploads\/2023\/09\/Gruppe-2258.png","width":585,"height":174,"caption":"Babioshof"},"image":{"@id":"https:\/\/www.babios.it\/it\/#\/schema\/logo\/image\/"}}]}},"_links":{"self":[{"href":"https:\/\/www.babios.it\/it\/wp-json\/wp\/v2\/pages\/1856"}],"collection":[{"href":"https:\/\/www.babios.it\/it\/wp-json\/wp\/v2\/pages"}],"about":[{"href":"https:\/\/www.babios.it\/it\/wp-json\/wp\/v2\/types\/page"}],"author":[{"embeddable":true,"href":"https:\/\/www.babios.it\/it\/wp-json\/wp\/v2\/users\/1"}],"replies":[{"embeddable":true,"href":"https:\/\/www.babios.it\/it\/wp-json\/wp\/v2\/comments?post=1856"}],"version-history":[{"count":5,"href":"https:\/\/www.babios.it\/it\/wp-json\/wp\/v2\/pages\/1856\/revisions"}],"predecessor-version":[{"id":2090,"href":"https:\/\/www.babios.it\/it\/wp-json\/wp\/v2\/pages\/1856\/revisions\/2090"}],"wp:attachment":[{"href":"https:\/\/www.babios.it\/it\/wp-json\/wp\/v2\/media?parent=1856"}],"curies":[{"name":"wp","href":"https:\/\/api.w.org\/{rel}","templated":true}]}}